{"id":583,"date":"2026-04-19T09:04:30","date_gmt":"2026-04-19T07:04:30","guid":{"rendered":"https:\/\/fredrikfriele.no\/?page_id=583"},"modified":"2026-04-20T20:32:47","modified_gmt":"2026-04-20T18:32:47","slug":"kontakt","status":"publish","type":"page","link":"https:\/\/fredrikfriele.no\/?page_id=583","title":{"rendered":"Kontakt"},"content":{"rendered":"\n<div style=\"height:8rem\" aria-hidden=\"true\" class=\"wp-block-spacer\"><\/div>\n\n\n\n<h2 class=\"wp-block-heading\">Kontakt<\/h2>\n\n\n\n<div class=\"wp-block-columns is-layout-flex wp-container-core-columns-is-layout-28f84493 wp-block-columns-is-layout-flex\">\n<div class=\"wp-block-column is-layout-flow wp-block-column-is-layout-flow\">\n<h6 class=\"wp-block-heading\"><br>Fortell meg kort om prosjektet ditt, s\u00e5 tar jeg kontakt.<br><br>Usikker p\u00e5 hva du trenger?<br>Bare beskriv problemet, s\u00e5 l\u00f8ser vi det sammen.<\/h6>\n\n\n\n<p><strong>Ta kontakt direkte:<\/strong><br> <a href=\"mailto:fredrikfriele@gmail.com\">fredrikfriele@gmail.com<\/a> <br><a href=\"https:\/\/www.instagram.com\/fredrikfriele\">@fredrikfriele<\/a><\/p>\n\n\n\n<p>Base i Trondheim \u2013 jobber med kunder over hele landet.<\/p>\n<\/div>\n\n\n\n<div class=\"wp-block-column is-layout-flow wp-block-column-is-layout-flow\">\n<figure class=\"wp-block-image alignright size-large is-style-default wp-duotone-unset-1\"><img loading=\"lazy\" decoding=\"async\" width=\"576\" height=\"1024\" src=\"https:\/\/fredrikfriele.no\/wp-content\/uploads\/2026\/04\/DSC9865-copy-576x1024.jpg\" alt=\"\" class=\"wp-image-560\" srcset=\"https:\/\/fredrikfriele.no\/wp-content\/uploads\/2026\/04\/DSC9865-copy-576x1024.jpg 576w, https:\/\/fredrikfriele.no\/wp-content\/uploads\/2026\/04\/DSC9865-copy-169x300.jpg 169w, https:\/\/fredrikfriele.no\/wp-content\/uploads\/2026\/04\/DSC9865-copy-768x1365.jpg 768w, https:\/\/fredrikfriele.no\/wp-content\/uploads\/2026\/04\/DSC9865-copy-864x1536.jpg 864w, https:\/\/fredrikfriele.no\/wp-content\/uploads\/2026\/04\/DSC9865-copy.jpg 900w\" sizes=\"auto, (max-width: 576px) 100vw, 576px\" \/><\/figure>\n<\/div>\n<\/div>\n","protected":false},"excerpt":{"rendered":"<p>Kontakt Fortell meg kort om prosjektet ditt, s\u00e5 tar jeg kontakt. Usikker p\u00e5 hva du trenger?Bare beskriv problemet, s\u00e5 l\u00f8ser vi det sammen. Ta kontakt direkte: fredrikfriele@gmail.com @fredrikfriele Base i Trondheim \u2013 jobber med kunder over hele landet.<\/p>\n","protected":false},"author":1,"featured_media":0,"parent":0,"menu_order":0,"comment_status":"closed","ping_status":"closed","template":"","meta":{"footnotes":""},"categories":[],"tags":[],"class_list":["post-583","page","type-page","status-publish","hentry"],"_links":{"self":[{"href":"https:\/\/fredrikfriele.no\/index.php?rest_route=\/wp\/v2\/pages\/583","targetHints":{"allow":["GET"]}}],"collection":[{"href":"https:\/\/fredrikfriele.no\/index.php?rest_route=\/wp\/v2\/pages"}],"about":[{"href":"https:\/\/fredrikfriele.no\/index.php?rest_route=\/wp\/v2\/types\/page"}],"author":[{"embeddable":true,"href":"https:\/\/fredrikfriele.no\/index.php?rest_route=\/wp\/v2\/users\/1"}],"replies":[{"embeddable":true,"href":"https:\/\/fredrikfriele.no\/index.php?rest_route=%2Fwp%2Fv2%2Fcomments&post=583"}],"version-history":[{"count":18,"href":"https:\/\/fredrikfriele.no\/index.php?rest_route=\/wp\/v2\/pages\/583\/revisions"}],"predecessor-version":[{"id":728,"href":"https:\/\/fredrikfriele.no\/index.php?rest_route=\/wp\/v2\/pages\/583\/revisions\/728"}],"wp:attachment":[{"href":"https:\/\/fredrikfriele.no\/index.php?rest_route=%2Fwp%2Fv2%2Fmedia&parent=583"}],"wp:term":[{"taxonomy":"category","embeddable":true,"href":"https:\/\/fredrikfriele.no\/index.php?rest_route=%2Fwp%2Fv2%2Fcategories&post=583"},{"taxonomy":"post_tag","embeddable":true,"href":"https:\/\/fredrikfriele.no\/index.php?rest_route=%2Fwp%2Fv2%2Ftags&post=583"}],"curies":[{"name":"wp","href":"https:\/\/api.w.org\/{rel}","templated":true}]}}