{"id":577,"date":"2026-04-19T08:59:16","date_gmt":"2026-04-19T06:59:16","guid":{"rendered":"https:\/\/fredrikfriele.no\/?page_id=577"},"modified":"2026-04-19T10:33:36","modified_gmt":"2026-04-19T08:33:36","slug":"tjenester","status":"publish","type":"page","link":"https:\/\/fredrikfriele.no\/?page_id=577","title":{"rendered":"Tjenester"},"content":{"rendered":"\n<div style=\"height:8rem\" aria-hidden=\"true\" class=\"wp-block-spacer\"><\/div>\n\n\n\n<div class=\"wp-block-columns is-layout-flex wp-container-core-columns-is-layout-28f84493 wp-block-columns-is-layout-flex\">\n<div class=\"wp-block-column is-layout-flow wp-block-column-is-layout-flow\">\n<h2 class=\"wp-block-heading\">Tjenester<\/h2>\n\n\n\n<h5 class=\"wp-block-heading\">Jeg tilbyr et komplett spekter av tjenester innen visuelt innhold og digital synlighet. Du kan hyre meg inn til enkeltoppdrag, eller til \u00e5 ta helhetsansvar for hele den digitale tilstedev\u00e6relsen din.<br><br><\/h5>\n\n\n\n<p><strong>Foto<\/strong><br>Produkt, portrett, event og prosess. Bilder som fungerer overalt.<br>Fra nettside til annonse.<\/p>\n\n\n\n<p><strong>Video<\/strong><br>Fra 15-sekunders SoMe-klipp til full bedriftsfilm. <br>Manus, filming, klipping til ferdig levert.<\/p>\n\n\n\n<p><strong>Drone<\/strong><br>Sertifisert droneoperat\u00f8r. <br>Nye perspektiver for bygg, eiendom og event.<\/p>\n\n\n\n<p><strong>Nettsider &amp; nettbutikk<\/strong><br>Rene, raske og salgsfokuserte.<br>Bygget for \u00e5 konvertere, ikke bare se bra ut.<\/p>\n\n\n\n<p><strong>Markedsf\u00f8ring<\/strong><br>Annonser p\u00e5 Meta, Google og LinkedIn. <br>Strategi, kreativ og optimalisering.<br><br><br><strong>Usikker p\u00e5 hva du trenger?<\/strong><br>Beskriv prosjektet, s\u00e5 foresl\u00e5r jeg l\u00f8sningen.<br><br><a href=\"https:\/\/fredrikfriele.no\/?page_id=583\">Kontakt<\/a><\/p>\n<\/div>\n\n\n\n<div class=\"wp-block-column is-layout-flow wp-block-column-is-layout-flow\">\n<figure class=\"wp-block-image alignright size-large is-style-default wp-duotone-unset-1\"><img loading=\"lazy\" decoding=\"async\" width=\"576\" height=\"1024\" src=\"https:\/\/fredrikfriele.no\/wp-content\/uploads\/2026\/04\/DSC9865-copy-576x1024.jpg\" alt=\"\" class=\"wp-image-560\" srcset=\"https:\/\/fredrikfriele.no\/wp-content\/uploads\/2026\/04\/DSC9865-copy-576x1024.jpg 576w, https:\/\/fredrikfriele.no\/wp-content\/uploads\/2026\/04\/DSC9865-copy-169x300.jpg 169w, https:\/\/fredrikfriele.no\/wp-content\/uploads\/2026\/04\/DSC9865-copy-768x1365.jpg 768w, https:\/\/fredrikfriele.no\/wp-content\/uploads\/2026\/04\/DSC9865-copy-864x1536.jpg 864w, https:\/\/fredrikfriele.no\/wp-content\/uploads\/2026\/04\/DSC9865-copy.jpg 900w\" sizes=\"auto, (max-width: 576px) 100vw, 576px\" \/><\/figure>\n<\/div>\n<\/div>\n","protected":false},"excerpt":{"rendered":"<p>Tjenester Jeg tilbyr et komplett spekter av tjenester innen visuelt innhold og digital synlighet. Du kan hyre meg inn til enkeltoppdrag, eller til \u00e5 ta helhetsansvar for hele den digitale tilstedev\u00e6relsen din. FotoProdukt, portrett, event og prosess. Bilder som fungerer overalt.Fra nettside til annonse. VideoFra 15-sekunders SoMe-klipp til full bedriftsfilm. Manus, filming, klipping til ferdig [&hellip;]<\/p>\n","protected":false},"author":1,"featured_media":0,"parent":0,"menu_order":0,"comment_status":"closed","ping_status":"closed","template":"","meta":{"footnotes":""},"categories":[],"tags":[],"class_list":["post-577","page","type-page","status-publish","hentry"],"_links":{"self":[{"href":"https:\/\/fredrikfriele.no\/index.php?rest_route=\/wp\/v2\/pages\/577","targetHints":{"allow":["GET"]}}],"collection":[{"href":"https:\/\/fredrikfriele.no\/index.php?rest_route=\/wp\/v2\/pages"}],"about":[{"href":"https:\/\/fredrikfriele.no\/index.php?rest_route=\/wp\/v2\/types\/page"}],"author":[{"embeddable":true,"href":"https:\/\/fredrikfriele.no\/index.php?rest_route=\/wp\/v2\/users\/1"}],"replies":[{"embeddable":true,"href":"https:\/\/fredrikfriele.no\/index.php?rest_route=%2Fwp%2Fv2%2Fcomments&post=577"}],"version-history":[{"count":21,"href":"https:\/\/fredrikfriele.no\/index.php?rest_route=\/wp\/v2\/pages\/577\/revisions"}],"predecessor-version":[{"id":650,"href":"https:\/\/fredrikfriele.no\/index.php?rest_route=\/wp\/v2\/pages\/577\/revisions\/650"}],"wp:attachment":[{"href":"https:\/\/fredrikfriele.no\/index.php?rest_route=%2Fwp%2Fv2%2Fmedia&parent=577"}],"wp:term":[{"taxonomy":"category","embeddable":true,"href":"https:\/\/fredrikfriele.no\/index.php?rest_route=%2Fwp%2Fv2%2Fcategories&post=577"},{"taxonomy":"post_tag","embeddable":true,"href":"https:\/\/fredrikfriele.no\/index.php?rest_route=%2Fwp%2Fv2%2Ftags&post=577"}],"curies":[{"name":"wp","href":"https:\/\/api.w.org\/{rel}","templated":true}]}}